{"id":3615,"date":"2017-02-28T15:51:09","date_gmt":"2017-02-28T14:51:09","guid":{"rendered":"http:\/\/www.lead-creative.com\/?page_id=3615"},"modified":"2017-02-28T16:18:01","modified_gmt":"2017-02-28T15:18:01","slug":"co-registration-notre-expertise","status":"publish","type":"page","link":"https:\/\/www.lead-creative.com\/lead-creative\/co-registration-notre-expertise\/","title":{"rendered":"Co registration : notre expertise"},"content":{"rendered":"<p>[vc_row][vc_column]<div class=\"header-title-container\"><h3 class=\"header-title tex-align-center  \" style=\"color: #00a5e1;font-size:25px\">La co registration<\/h3><span class=\"header-border\"><span><\/span><\/span><div class=\"sub-title  \" style=\"color: #656464; display:block;\">Notre expertise<\/div><\/div>[vc_column_text]<\/p>\n<h2>Enqu\u00eate \/Jeu concours \/ Clic to lead \/ Co registration \/ Sponsoring: Une offre internationale<\/h2>\n<p>[\/vc_column_text][vc_column_text]Nous cr\u00e9ons pour vous un mini-site d\u00e9di\u00e9, nous diffusion votre campagne sur l\u2019ensemble des supports (emailing, display\u2026), nous vous <strong>garantissons des leads valides, opt in, net de d\u00e9dupplication, net d\u00e9sabonn\u00e9 \u00e0 J+3.<\/strong><\/p>\n<p>Gr\u00e2ce \u00e0 nos\u00a0partenaires nous travaillons sur l\u2019ensemble des pays europ\u00e9ens ou \u00e0 l\u2019international.<\/p>\n<p>Nos offres de g\u00e9n\u00e9rations de leads :<\/p>\n<ul>\n<li><strong>\u2022 Emailing Performance<\/strong>: vous ne payez qu\u2019\u00e0 l\u2019action r\u00e9alis\u00e9 sur votre site (inscription, jeu concours, demande de devis, d\u2019une brochure\u2026<\/li>\n<li><strong>\u2022 La Co registration<\/strong>: qui vous permets de r\u00e9colter des adresses emails opt in, permettant d\u2019augmenter votre base de prospects qualifi\u00e9s pour un co\u00fbt relativement bas. La co registration vous permets de recolter les champs classique tel que la civilit\u00e9, le nom et pr\u00e9nom, l\u2019adresse email, la date de naissance et le code postal. Par ce levier il est \u00e9galement possible de r\u00e9colter d\u2019autres champs tel que le num\u00e9ro de t\u00e9l\u00e9phone ou encore l\u2019adresse physique afin de faire des op\u00e9rations de g\u00e9olocalisation.<\/li>\n<\/ul>\n<p>[\/vc_column_text][\/vc_column][\/vc_row][vc_row][vc_column][vc_column_text]Nous travaillons la co registration sur l\u2019ensemble des pays europ\u00e9ens et \u00e0 l\u2019international:[\/vc_column_text][vc_row_inner][vc_column_inner width=\u00a0\u00bb1\/4&Prime;][vc_single_image image=\u00a0\u00bb3619&Prime; img_size=\u00a0\u00bbfull\u00a0\u00bb add_caption=\u00a0\u00bbyes\u00a0\u00bb alignment=\u00a0\u00bbcenter\u00a0\u00bb title=\u00a0\u00bbco registration France\u00a0\u00bb][\/vc_column_inner][vc_column_inner width=\u00a0\u00bb1\/4&Prime;][vc_single_image image=\u00a0\u00bb3621&Prime; img_size=\u00a0\u00bbfull\u00a0\u00bb alignment=\u00a0\u00bbcenter\u00a0\u00bb title=\u00a0\u00bbco registration Luxembourg \u00ab\u00a0][\/vc_column_inner][vc_column_inner width=\u00a0\u00bb1\/4&Prime;][vc_single_image image=\u00a0\u00bb3622&Prime; img_size=\u00a0\u00bbfull\u00a0\u00bb add_caption=\u00a0\u00bbyes\u00a0\u00bb alignment=\u00a0\u00bbcenter\u00a0\u00bb title=\u00a0\u00bbco registration Pays bas\u00a0\u00bb][\/vc_column_inner][vc_column_inner width=\u00a0\u00bb1\/4&Prime;][vc_single_image image=\u00a0\u00bb3623&Prime; img_size=\u00a0\u00bbfull\u00a0\u00bb add_caption=\u00a0\u00bbyes\u00a0\u00bb alignment=\u00a0\u00bbcenter\u00a0\u00bb title=\u00a0\u00bbco registration Italie\u00a0\u00bb][\/vc_column_inner][\/vc_row_inner][vc_row_inner][vc_column_inner width=\u00a0\u00bb1\/4&Prime;][vc_single_image image=\u00a0\u00bb3624&Prime; img_size=\u00a0\u00bbfull\u00a0\u00bb add_caption=\u00a0\u00bbyes\u00a0\u00bb alignment=\u00a0\u00bbcenter\u00a0\u00bb title=\u00a0\u00bbco registration Allemagne\u00a0\u00bb][\/vc_column_inner][vc_column_inner width=\u00a0\u00bb1\/4&Prime;][vc_single_image image=\u00a0\u00bb3625&Prime; img_size=\u00a0\u00bbfull\u00a0\u00bb alignment=\u00a0\u00bbcenter\u00a0\u00bb title=\u00a0\u00bbco registration Scandinavie\u00a0\u00bb][\/vc_column_inner][vc_column_inner width=\u00a0\u00bb1\/4&Prime;][vc_single_image image=\u00a0\u00bb3626&Prime; img_size=\u00a0\u00bbfull\u00a0\u00bb add_caption=\u00a0\u00bbyes\u00a0\u00bb alignment=\u00a0\u00bbcenter\u00a0\u00bb title=\u00a0\u00bbco registration Pologne\u00a0\u00bb][\/vc_column_inner][vc_column_inner width=\u00a0\u00bb1\/4&Prime;][vc_single_image image=\u00a0\u00bb3627&Prime; img_size=\u00a0\u00bbfull\u00a0\u00bb add_caption=\u00a0\u00bbyes\u00a0\u00bb alignment=\u00a0\u00bbcenter\u00a0\u00bb title=\u00a0\u00bbco registration Espagne\u00a0\u00bb][\/vc_column_inner][\/vc_row_inner][vc_row_inner][vc_column_inner width=\u00a0\u00bb1\/4&Prime;][vc_single_image image=\u00a0\u00bb3628&Prime; img_size=\u00a0\u00bbfull\u00a0\u00bb add_caption=\u00a0\u00bbyes\u00a0\u00bb alignment=\u00a0\u00bbcenter\u00a0\u00bb title=\u00a0\u00bbco registration Russie\u00a0\u00bb][\/vc_column_inner][vc_column_inner width=\u00a0\u00bb1\/4&Prime;][vc_single_image image=\u00a0\u00bb3629&Prime; img_size=\u00a0\u00bbfull\u00a0\u00bb alignment=\u00a0\u00bbcenter\u00a0\u00bb title=\u00a0\u00bbco registration USA \u00ab\u00a0][\/vc_column_inner][vc_column_inner width=\u00a0\u00bb1\/4&Prime;][vc_single_image image=\u00a0\u00bb3630&Prime; img_size=\u00a0\u00bbfull\u00a0\u00bb add_caption=\u00a0\u00bbyes\u00a0\u00bb alignment=\u00a0\u00bbcenter\u00a0\u00bb title=\u00a0\u00bbco registration Portugal\u00a0\u00bb][\/vc_column_inner][vc_column_inner width=\u00a0\u00bb1\/4&Prime;][vc_single_image image=\u00a0\u00bb3631&Prime; img_size=\u00a0\u00bbfull\u00a0\u00bb add_caption=\u00a0\u00bbyes\u00a0\u00bb alignment=\u00a0\u00bbcenter\u00a0\u00bb title=\u00a0\u00bbco registration Belgique\u00a0\u00bb][\/vc_column_inner][\/vc_row_inner][vc_column_text]Autre pays pour de la co registration: USA, Br\u00e9sil, Asie, Canada,Maroc, \u00a0\u2026.[\/vc_column_text][\/vc_column][\/vc_row][vc_row][vc_column width=\u00a0\u00bb1\/2&Prime;][vc_column_text]<\/p>\n<h2>CLIC TO LEAD<\/h2>\n<p>travailler en email d\u00e9di\u00e9, augmenter le trafic sur votre site, augmenter votre Chiffre d\u2019affaires, et r\u00e9cuperer l\u2019adresse email de l\u2019internaute en OPT IN, voici les avantages de ce leviers. Pour plus d\u2019information, <strong><a href=\"http:\/\/www.lead-creative.com\/le-clic-lead-notre-expertise\">cliquez-ici<\/a><\/strong><\/p>\n<p>[\/vc_column_text][\/vc_column][vc_column width=\u00a0\u00bb1\/2&Prime;][vc_single_image image=\u00a0\u00bb3636&Prime; img_size=\u00a0\u00bbmedium\u00a0\u00bb alignment=\u00a0\u00bbcenter\u00a0\u00bb][\/vc_column][\/vc_row][vc_row][vc_column width=\u00a0\u00bb1\/2&Prime;][vc_single_image image=\u00a0\u00bb3634&Prime; img_size=\u00a0\u00bbfull\u00a0\u00bb alignment=\u00a0\u00bbcenter\u00a0\u00bb][\/vc_column][vc_column width=\u00a0\u00bb1\/2&Prime;][vc_column_text]<\/p>\n<h2>GENERATION DE LEADS<\/h2>\n<p>Un lead est une action d\u00e9termin\u00e9e par un annonceur permettant \u00e0 r\u00e9pondre \u00e0 ses propres objectifs.<br \/>\nUn lead peut donc prendre plusieurs formes, par exemple :<\/p>\n<ul>\n<li>\u2022 L\u2019inscription \u00e0 un club<\/li>\n<li>\u2022 Une demande de devis<\/li>\n<li>\u2022 Un rendez-vous commercial<\/li>\n<li>\u2022 etc.<\/li>\n<\/ul>\n<p>Il diff\u00e8re d\u2019un clic visite par le fait que l\u2019internaute va marquer son passage sur le site annonceur par une d\u00e9marche spontan\u00e9e d\u2019inscription.<br \/>\nSch\u00e9matiquement il s\u2019agit d\u2019une solution de g\u00e9n\u00e9ration de prospects qualifi\u00e9s \u201cD\u00e9di\u00e9e\u201d bas\u00e9e sur <u>la performance<\/u> (on ne paye que le membre inscrit valide) et <u>la permission<\/u> (on ne paye que des membres qui ont accept\u00e9 VOLONTAIREMENT d\u2019\u00eatre opt\u2019in \u00e0 la marque).<\/p>\n<p>Un lead permet de r\u00e9pondre \u00e0 tout type de demande de g\u00e9n\u00e9ration de prospects qualifi\u00e9s comme :<\/p>\n<ul>\n<li>\u2022 Membre d\u2019un club<\/li>\n<li>\u2022 Rendez-vous essais v\u00e9hicule<\/li>\n<li>\u2022 Rendez-vous avec un vendeur<\/li>\n<li>\u2022 Demande de catalogues<\/li>\n<li>\u2022 Demande d\u2019\u00e9chantillons<\/li>\n<li>\u2022 Demande de rappel par un call-center<\/li>\n<li>\u2022 Enqu\u00eate client<\/li>\n<li>\u2022 \u00c9chantillonnage \u00e9lectronique<\/li>\n<li>\u2022 Souscription newsletter, presse\u2026<\/li>\n<li>\u2022 Et beaucoup plus encore \u2026<\/li>\n<\/ul>\n<p>En fonction du type d\u2018offres ou de services, nous avons la possibilit\u00e9 de proposer diverses m\u00e9caniques d\u2018incentives pour augmenter le taux de r\u00e9ponse ou de transformation.<\/p>\n<p>Incentives les plus fr\u00e9quemment utilis\u00e9es :<\/p>\n<ul>\n<li>\u2022 Jeu-concours<\/li>\n<li>\u2022 Ev\u00e8nements<\/li>\n<li>\u2022 Bons de r\u00e9duction<\/li>\n<li>\u2022 Echantillons gratuits<\/li>\n<li>\u2022 Offres sp\u00e9ciales<\/li>\n<li>\u2022 Loteries<\/li>\n<li>\u2022 \u00ab Cash \u00bb ou points fid\u00e9lit\u00e9<\/li>\n<li>\u2022 Et plus\u2026<\/li>\n<\/ul>\n<p>[\/vc_column_text][\/vc_column][\/vc_row]<\/p>\n","protected":false},"excerpt":{"rendered":"<p>[vc_row][vc_column][vc_column_text] Enqu\u00eate \/Jeu concours \/ Clic to lead \/ Co registration \/ Sponsoring: Une offre internationale [\/vc_column_text][vc_column_text]Nous cr\u00e9ons pour vous un mini-site d\u00e9di\u00e9, nous diffusion votre campagne sur l\u2019ensemble des supports (emailing, display\u2026), nous vous garantissons des leads valides, opt in, net de d\u00e9dupplication, net d\u00e9sabonn\u00e9 \u00e0 J+3. Gr\u00e2ce \u00e0 nos\u00a0partenaires nous travaillons sur l\u2019ensemble des pays europ\u00e9ens ou \u00e0 l\u2019international. Nos offres de g\u00e9n\u00e9rations de leads : \u2022 Emailing Performance: vous ne payez qu\u2019\u00e0 l\u2019action r\u00e9alis\u00e9 sur votre site (inscription, jeu concours, demande de devis, d\u2019une brochure\u2026 \u2022 La Co registration: qui vous permets de r\u00e9colter des adresses emails &#8230;<\/p>\n","protected":false},"author":1,"featured_media":0,"parent":0,"menu_order":0,"comment_status":"closed","ping_status":"closed","template":"","meta":{"footnotes":""},"class_list":["post-3615","page","type-page","status-publish","hentry"],"_links":{"self":[{"href":"https:\/\/www.lead-creative.com\/lead-creative\/wp-json\/wp\/v2\/pages\/3615","targetHints":{"allow":["GET"]}}],"collection":[{"href":"https:\/\/www.lead-creative.com\/lead-creative\/wp-json\/wp\/v2\/pages"}],"about":[{"href":"https:\/\/www.lead-creative.com\/lead-creative\/wp-json\/wp\/v2\/types\/page"}],"author":[{"embeddable":true,"href":"https:\/\/www.lead-creative.com\/lead-creative\/wp-json\/wp\/v2\/users\/1"}],"replies":[{"embeddable":true,"href":"https:\/\/www.lead-creative.com\/lead-creative\/wp-json\/wp\/v2\/comments?post=3615"}],"version-history":[{"count":9,"href":"https:\/\/www.lead-creative.com\/lead-creative\/wp-json\/wp\/v2\/pages\/3615\/revisions"}],"predecessor-version":[{"id":3639,"href":"https:\/\/www.lead-creative.com\/lead-creative\/wp-json\/wp\/v2\/pages\/3615\/revisions\/3639"}],"wp:attachment":[{"href":"https:\/\/www.lead-creative.com\/lead-creative\/wp-json\/wp\/v2\/media?parent=3615"}],"curies":[{"name":"wp","href":"https:\/\/api.w.org\/{rel}","templated":true}]}}