{"id":3608,"date":"2017-02-28T15:47:26","date_gmt":"2017-02-28T14:47:26","guid":{"rendered":"http:\/\/www.lead-creative.com\/?page_id=3608"},"modified":"2017-02-28T16:17:31","modified_gmt":"2017-02-28T15:17:31","slug":"le-clic-lead-notre-expertise","status":"publish","type":"page","link":"https:\/\/www.lead-creative.com\/lead-creative\/le-clic-lead-notre-expertise\/","title":{"rendered":"Le clic lead : notre expertise"},"content":{"rendered":"<p>[vc_row full_width=\u00a0\u00bbstretch_row\u00a0\u00bb css=\u00a0\u00bb.vc_custom_1488293232390{margin-right: 50px !important;margin-bottom: 30px !important;margin-left: 50px !important;}\u00a0\u00bb][vc_column]<div class=\"header-title-container\"><h3 class=\"header-title tex-align-center  \" style=\"color: #00a5e1;font-size:25px\">Le Clic-Lead<\/h3><span class=\"header-border\"><span><\/span><\/span><div class=\"sub-title  \" style=\"color: #656464; display:block;\">Notre expertise<\/div><\/div>[vc_column_text]Le clic-lead, ou clic to lead, est un levier permettant de s\u2019inscrire automatiquement \u00e0 une offre d\u00e8s lors qu\u2019il a cliqu\u00e9 sur le lien vers le partenaire.<\/p>\n<p>Les avantages pour les annonceurs:<\/p>\n<ul>\n<li>\u2022 Un envoi d\u2019un email d\u00e9di\u00e9 pr\u00e9sentant ses offres exclusives.<\/li>\n<li>\u2022 Augmentation des visites sur le site<\/li>\n<li>\u2022 CA incr\u00e9mental<\/li>\n<li>\u2022 Non partage des adresses e mail car aucun sponsor ni co-registrant<\/li>\n<\/ul>\n<p>[\/vc_column_text][\/vc_column][\/vc_row][vc_row full_width=\u00a0\u00bbstretch_row\u00a0\u00bb css=\u00a0\u00bb.vc_custom_1488293247054{margin-right: 50px !important;margin-bottom: 30px !important;margin-left: 50px !important;}\u00a0\u00bb][vc_column][vc_column_text]<\/p>\n<h2 style=\"text-align: center;\">Quelques exemples de clic to lead<\/h2>\n<p>[\/vc_column_text][vc_row_inner][vc_column_inner width=\u00a0\u00bb1\/2&Prime;][vc_single_image image=\u00a0\u00bb3609&Prime; img_size=\u00a0\u00bblarge\u00a0\u00bb alignment=\u00a0\u00bbcenter\u00a0\u00bb][\/vc_column_inner][vc_column_inner width=\u00a0\u00bb1\/2&Prime;][vc_single_image image=\u00a0\u00bb3610&Prime; img_size=\u00a0\u00bblarge\u00a0\u00bb alignment=\u00a0\u00bbcenter\u00a0\u00bb][\/vc_column_inner][\/vc_row_inner][vc_row_inner][vc_column_inner width=\u00a0\u00bb1\/2&Prime;][vc_single_image image=\u00a0\u00bb3611&Prime; img_size=\u00a0\u00bbmedium\u00a0\u00bb alignment=\u00a0\u00bbcenter\u00a0\u00bb][\/vc_column_inner][vc_column_inner width=\u00a0\u00bb1\/2&Prime;][vc_single_image image=\u00a0\u00bb3612&Prime; img_size=\u00a0\u00bblarge\u00a0\u00bb alignment=\u00a0\u00bbcenter\u00a0\u00bb][\/vc_column_inner][\/vc_row_inner][\/vc_column][\/vc_row][vc_row full_width=\u00a0\u00bbstretch_row\u00a0\u00bb css=\u00a0\u00bb.vc_custom_1488293260508{margin-right: 50px !important;margin-bottom: 30px !important;margin-left: 50px !important;}\u00a0\u00bb][vc_column][vc_column_text]Nous recommandons cependant, sur la partie cr\u00e9ation du kit mail, de bien mettre en avant le fait que l\u2019internaute sera automatiquement inscrit \u00e0 la newsletter de l\u2019annonceur en cliquant sur le bouton de validation. En effet le clic-to-lead\u00a0peu rapidement devenir\u00a0\u00ab\u00a0agressif\u00a0\u00bb\u00a0et d\u00e9sorienter l\u2019internaute. nous recommandons \u00e9galement de ne mettre en clicable que le bouton \u00ab\u00a0VALIDEZ\u00a0\u00bb sur l\u2019email.[\/vc_column_text][\/vc_column][\/vc_row]<\/p>\n","protected":false},"excerpt":{"rendered":"<p>[vc_row full_width=\u00a0\u00bbstretch_row\u00a0\u00bb css=\u00a0\u00bb.vc_custom_1488293232390{margin-right: 50px !important;margin-bottom: 30px !important;margin-left: 50px !important;}\u00a0\u00bb][vc_column][vc_column_text]Le clic-lead, ou clic to lead, est un levier permettant de s\u2019inscrire automatiquement \u00e0 une offre d\u00e8s lors qu\u2019il a cliqu\u00e9 sur le lien vers le partenaire. Les avantages pour les annonceurs: \u2022 Un envoi d\u2019un email d\u00e9di\u00e9 pr\u00e9sentant ses offres exclusives. \u2022 Augmentation des visites sur le site \u2022 CA incr\u00e9mental \u2022 Non partage des adresses e mail car aucun sponsor ni co-registrant [\/vc_column_text][\/vc_column][\/vc_row][vc_row full_width=\u00a0\u00bbstretch_row\u00a0\u00bb css=\u00a0\u00bb.vc_custom_1488293247054{margin-right: 50px !important;margin-bottom: 30px !important;margin-left: 50px !important;}\u00a0\u00bb][vc_column][vc_column_text] Quelques exemples de clic to lead [\/vc_column_text][vc_row_inner][vc_column_inner width=\u00a0\u00bb1\/2&Prime;][vc_single_image image=\u00a0\u00bb3609&Prime; img_size=\u00a0\u00bblarge\u00a0\u00bb alignment=\u00a0\u00bbcenter\u00a0\u00bb][\/vc_column_inner][vc_column_inner width=\u00a0\u00bb1\/2&Prime;][vc_single_image image=\u00a0\u00bb3610&Prime; img_size=\u00a0\u00bblarge\u00a0\u00bb alignment=\u00a0\u00bbcenter\u00a0\u00bb][\/vc_column_inner][\/vc_row_inner][vc_row_inner][vc_column_inner width=\u00a0\u00bb1\/2&Prime;][vc_single_image image=\u00a0\u00bb3611&Prime; img_size=\u00a0\u00bbmedium\u00a0\u00bb alignment=\u00a0\u00bbcenter\u00a0\u00bb][\/vc_column_inner][vc_column_inner &#8230;<\/p>\n","protected":false},"author":1,"featured_media":0,"parent":0,"menu_order":0,"comment_status":"closed","ping_status":"closed","template":"page-fp_full.php","meta":{"footnotes":""},"class_list":["post-3608","page","type-page","status-publish","hentry"],"_links":{"self":[{"href":"https:\/\/www.lead-creative.com\/lead-creative\/wp-json\/wp\/v2\/pages\/3608","targetHints":{"allow":["GET"]}}],"collection":[{"href":"https:\/\/www.lead-creative.com\/lead-creative\/wp-json\/wp\/v2\/pages"}],"about":[{"href":"https:\/\/www.lead-creative.com\/lead-creative\/wp-json\/wp\/v2\/types\/page"}],"author":[{"embeddable":true,"href":"https:\/\/www.lead-creative.com\/lead-creative\/wp-json\/wp\/v2\/users\/1"}],"replies":[{"embeddable":true,"href":"https:\/\/www.lead-creative.com\/lead-creative\/wp-json\/wp\/v2\/comments?post=3608"}],"version-history":[{"count":3,"href":"https:\/\/www.lead-creative.com\/lead-creative\/wp-json\/wp\/v2\/pages\/3608\/revisions"}],"predecessor-version":[{"id":3638,"href":"https:\/\/www.lead-creative.com\/lead-creative\/wp-json\/wp\/v2\/pages\/3608\/revisions\/3638"}],"wp:attachment":[{"href":"https:\/\/www.lead-creative.com\/lead-creative\/wp-json\/wp\/v2\/media?parent=3608"}],"curies":[{"name":"wp","href":"https:\/\/api.w.org\/{rel}","templated":true}]}}